{"id":57,"date":"2024-08-14T20:37:08","date_gmt":"2024-08-14T20:37:08","guid":{"rendered":"http:\/\/www.bulevaraberturas.com.uy\/?post_type=product&#038;p=57"},"modified":"2025-09-20T01:18:32","modified_gmt":"2025-09-20T01:18:32","slug":"puerta-semiblindada-doble-chapa","status":"publish","type":"product","link":"https:\/\/www.bulevaraberturas.com.uy\/index.php\/producto\/puerta-semiblindada-doble-chapa\/","title":{"rendered":"Puerta semiblindada doble chapa. (CH41C)"},"content":{"rendered":"<p>Puerta semiblindada con barral. (CH41C)<\/p>\n<p>\u2022 M\u00faltiples puntos de anclaje.<br \/>\n\u2022 0,96 x 2,05 x 5 cm.<br \/>\n\u2022 Chapa de 0,7 \/ 1,2 mm.<br \/>\n\u2022 Incluye mirilla y timbre.<\/p>\n<p>Escr\u00edbenos por cualquier consulta!<br \/>\nENV\u00cdOS A TODO EL PA\u00cdS<br \/>\nAvda. San Mart\u00edn 2361 esq. Mill\u00e1n.<br \/>\nTel: 2204 4978<\/p>\n","protected":false},"excerpt":{"rendered":"<p>Puerta semiblindada con barral. (CH41C) \u2022 M\u00faltiples puntos de anclaje. \u2022 0,96 x 2,05 x 5 cm. \u2022 Chapa de 0,7 \/ 1,2 mm. \u2022 Incluye mirilla y timbre. Escr\u00edbenos por cualquier consulta! ENV\u00cdOS A TODO EL PA\u00cdS Avda. San Mart\u00edn 2361 esq. Mill\u00e1n. Tel: 2204 4978<\/p>\n","protected":false},"featured_media":58,"comment_status":"open","ping_status":"closed","template":"","meta":[],"product_brand":[],"product_cat":[22,20],"product_tag":[23,17,21],"class_list":{"0":"post-57","1":"product","2":"type-product","3":"status-publish","4":"has-post-thumbnail","6":"product_cat-exterior","7":"product_cat-semiblindadas","8":"product_tag-exterior","9":"product_tag-puerta","10":"product_tag-semiblindadas","12":"first","13":"instock","14":"shipping-taxable","15":"purchasable","16":"product-type-simple"},"jetpack_sharing_enabled":true,"_links":{"self":[{"href":"https:\/\/www.bulevaraberturas.com.uy\/index.php\/wp-json\/wp\/v2\/product\/57","targetHints":{"allow":["GET"]}}],"collection":[{"href":"https:\/\/www.bulevaraberturas.com.uy\/index.php\/wp-json\/wp\/v2\/product"}],"about":[{"href":"https:\/\/www.bulevaraberturas.com.uy\/index.php\/wp-json\/wp\/v2\/types\/product"}],"replies":[{"embeddable":true,"href":"https:\/\/www.bulevaraberturas.com.uy\/index.php\/wp-json\/wp\/v2\/comments?post=57"}],"wp:featuredmedia":[{"embeddable":true,"href":"https:\/\/www.bulevaraberturas.com.uy\/index.php\/wp-json\/wp\/v2\/media\/58"}],"wp:attachment":[{"href":"https:\/\/www.bulevaraberturas.com.uy\/index.php\/wp-json\/wp\/v2\/media?parent=57"}],"wp:term":[{"taxonomy":"product_brand","embeddable":true,"href":"https:\/\/www.bulevaraberturas.com.uy\/index.php\/wp-json\/wp\/v2\/product_brand?post=57"},{"taxonomy":"product_cat","embeddable":true,"href":"https:\/\/www.bulevaraberturas.com.uy\/index.php\/wp-json\/wp\/v2\/product_cat?post=57"},{"taxonomy":"product_tag","embeddable":true,"href":"https:\/\/www.bulevaraberturas.com.uy\/index.php\/wp-json\/wp\/v2\/product_tag?post=57"}],"curies":[{"name":"wp","href":"https:\/\/api.w.org\/{rel}","templated":true}]}}