{"id":59,"date":"2024-08-14T20:57:08","date_gmt":"2024-08-14T20:57:08","guid":{"rendered":"http:\/\/www.bulevaraberturas.com.uy\/?post_type=product&#038;p=59"},"modified":"2025-06-26T19:31:36","modified_gmt":"2025-06-26T19:31:36","slug":"puerta-exterior-de-cedro-con-barral","status":"publish","type":"product","link":"https:\/\/www.bulevaraberturas.com.uy\/index.php\/producto\/puerta-exterior-de-cedro-con-barral\/","title":{"rendered":"Puerta exterior de Cedro con barral."},"content":{"rendered":"<p>Puerta exterior de Cedro con barral.<\/p>\n<p>\u2022 Marco de Taguari con opci\u00f3n de 10 o 14 cm.<br \/>\n\u2022 0,85 x 2,05 m.<br \/>\n\u2022 Hoja de Cedro de: 0,80 x 2,02 x 3,02 cm.<br \/>\n\u2022 Cerradura Star 210S<br \/>\n\u2022 Opcional manija o barral.<\/p>\n<p>Escr\u00edbenos por cualquier consulta!<br \/>\nENV\u00cdOS A TODO EL PA\u00cdS<br \/>\nAvda. San Mart\u00edn 2361 esq. Mill\u00e1n.<br \/>\nTel: 2204 4978<\/p>\n","protected":false},"excerpt":{"rendered":"<p>Puerta exterior de Cedro con barral. \u2022 Marco de Taguari con opci\u00f3n de 10 o 14 cm. \u2022 0,85 x 2,05 m. \u2022 Hoja de Cedro de: 0,80 x 2,02 x 3,02 cm. \u2022 Cerradura Star 210S \u2022 Opcional manija o barral. Escr\u00edbenos por cualquier consulta! ENV\u00cdOS A TODO EL PA\u00cdS Avda. San Mart\u00edn 2361 [&hellip;]<\/p>\n","protected":false},"featured_media":105,"comment_status":"open","ping_status":"closed","template":"","meta":[],"product_brand":[],"product_cat":[24,22],"product_tag":[25,23,17],"class_list":{"0":"post-59","1":"product","2":"type-product","3":"status-publish","4":"has-post-thumbnail","6":"product_cat-cedro","7":"product_cat-exterior","8":"product_tag-cedro","9":"product_tag-exterior","10":"product_tag-puerta","12":"first","13":"instock","14":"shipping-taxable","15":"purchasable","16":"product-type-simple"},"jetpack_sharing_enabled":true,"_links":{"self":[{"href":"https:\/\/www.bulevaraberturas.com.uy\/index.php\/wp-json\/wp\/v2\/product\/59","targetHints":{"allow":["GET"]}}],"collection":[{"href":"https:\/\/www.bulevaraberturas.com.uy\/index.php\/wp-json\/wp\/v2\/product"}],"about":[{"href":"https:\/\/www.bulevaraberturas.com.uy\/index.php\/wp-json\/wp\/v2\/types\/product"}],"replies":[{"embeddable":true,"href":"https:\/\/www.bulevaraberturas.com.uy\/index.php\/wp-json\/wp\/v2\/comments?post=59"}],"wp:featuredmedia":[{"embeddable":true,"href":"https:\/\/www.bulevaraberturas.com.uy\/index.php\/wp-json\/wp\/v2\/media\/105"}],"wp:attachment":[{"href":"https:\/\/www.bulevaraberturas.com.uy\/index.php\/wp-json\/wp\/v2\/media?parent=59"}],"wp:term":[{"taxonomy":"product_brand","embeddable":true,"href":"https:\/\/www.bulevaraberturas.com.uy\/index.php\/wp-json\/wp\/v2\/product_brand?post=59"},{"taxonomy":"product_cat","embeddable":true,"href":"https:\/\/www.bulevaraberturas.com.uy\/index.php\/wp-json\/wp\/v2\/product_cat?post=59"},{"taxonomy":"product_tag","embeddable":true,"href":"https:\/\/www.bulevaraberturas.com.uy\/index.php\/wp-json\/wp\/v2\/product_tag?post=59"}],"curies":[{"name":"wp","href":"https:\/\/api.w.org\/{rel}","templated":true}]}}