{"id":85,"date":"2024-08-15T21:21:16","date_gmt":"2024-08-15T21:21:16","guid":{"rendered":"http:\/\/www.bulevaraberturas.com.uy\/?post_type=product&#038;p=85"},"modified":"2025-06-26T19:45:57","modified_gmt":"2025-06-26T19:45:57","slug":"puerta-exterior-de-eucaliptus","status":"publish","type":"product","link":"https:\/\/www.bulevaraberturas.com.uy\/index.php\/producto\/puerta-exterior-de-eucaliptus\/","title":{"rendered":"Puerta exterior de Eucaliptus con fijo."},"content":{"rendered":"<p>Puerta exterior en Eucaliptus.<\/p>\n<p>\u2022 Con fijo ciego arriba.<br \/>\n\u2022 Trabajos a medida<br \/>\n\u2022 Ej: 0,85 x 2,40 m.<\/p>\n<p>Escr\u00edbenos por cualquier consulta!<br \/>\nENV\u00cdOS A TODO EL PA\u00cdS<br \/>\nAvda. San Mart\u00edn 2361 esq. Mill\u00e1n.<br \/>\nTel: 2204 4978<\/p>\n","protected":false},"excerpt":{"rendered":"<p>Puerta exterior en Eucaliptus. \u2022 Con fijo ciego arriba. \u2022 Trabajos a medida \u2022 Ej: 0,85 x 2,40 m. Escr\u00edbenos por cualquier consulta! ENV\u00cdOS A TODO EL PA\u00cdS Avda. San Mart\u00edn 2361 esq. Mill\u00e1n. Tel: 2204 4978<\/p>\n","protected":false},"featured_media":86,"comment_status":"open","ping_status":"closed","template":"","meta":[],"product_brand":[],"product_cat":[33,22],"product_tag":[35,34,23,17],"class_list":{"0":"post-85","1":"product","2":"type-product","3":"status-publish","4":"has-post-thumbnail","6":"product_cat-eucaliptus","7":"product_cat-exterior","8":"product_tag-con-fijo","9":"product_tag-eucaliptus","10":"product_tag-exterior","11":"product_tag-puerta","13":"first","14":"instock","15":"shipping-taxable","16":"purchasable","17":"product-type-simple"},"jetpack_sharing_enabled":true,"_links":{"self":[{"href":"https:\/\/www.bulevaraberturas.com.uy\/index.php\/wp-json\/wp\/v2\/product\/85","targetHints":{"allow":["GET"]}}],"collection":[{"href":"https:\/\/www.bulevaraberturas.com.uy\/index.php\/wp-json\/wp\/v2\/product"}],"about":[{"href":"https:\/\/www.bulevaraberturas.com.uy\/index.php\/wp-json\/wp\/v2\/types\/product"}],"replies":[{"embeddable":true,"href":"https:\/\/www.bulevaraberturas.com.uy\/index.php\/wp-json\/wp\/v2\/comments?post=85"}],"wp:featuredmedia":[{"embeddable":true,"href":"https:\/\/www.bulevaraberturas.com.uy\/index.php\/wp-json\/wp\/v2\/media\/86"}],"wp:attachment":[{"href":"https:\/\/www.bulevaraberturas.com.uy\/index.php\/wp-json\/wp\/v2\/media?parent=85"}],"wp:term":[{"taxonomy":"product_brand","embeddable":true,"href":"https:\/\/www.bulevaraberturas.com.uy\/index.php\/wp-json\/wp\/v2\/product_brand?post=85"},{"taxonomy":"product_cat","embeddable":true,"href":"https:\/\/www.bulevaraberturas.com.uy\/index.php\/wp-json\/wp\/v2\/product_cat?post=85"},{"taxonomy":"product_tag","embeddable":true,"href":"https:\/\/www.bulevaraberturas.com.uy\/index.php\/wp-json\/wp\/v2\/product_tag?post=85"}],"curies":[{"name":"wp","href":"https:\/\/api.w.org\/{rel}","templated":true}]}}