{"id":97,"date":"2024-08-20T20:42:10","date_gmt":"2024-08-20T20:42:10","guid":{"rendered":"http:\/\/www.bulevaraberturas.com.uy\/?post_type=product&#038;p=97"},"modified":"2025-06-26T19:45:00","modified_gmt":"2025-06-26T19:45:00","slug":"puerta-interior-de-mdf-y-pvc-2","status":"publish","type":"product","link":"https:\/\/www.bulevaraberturas.com.uy\/index.php\/producto\/puerta-interior-de-mdf-y-pvc-2\/","title":{"rendered":"Puerta interior de MDF y PVC. (Con dise\u00f1o y cerradura)"},"content":{"rendered":"<p>Puerta interior en MDF y PVC.<\/p>\n<p>\u2022 Bastidor en MDF de 4 mm.<br \/>\n\u2022 Terminaci\u00f3n: PVC blanco o<br \/>\nimitaci\u00f3n madera.<br \/>\n\u2022 Medidas: 0,75 x 2,05 m.<br \/>\n\u2022 Cerradura con llave.<\/p>\n<p>Escr\u00edbenos por cualquier consulta!<br \/>\nENV\u00cdOS A TODO EL PA\u00cdS<br \/>\nAvda. San Mart\u00edn 2361 esq. Mill\u00e1n.<br \/>\nTel: 2204 4978<\/p>\n","protected":false},"excerpt":{"rendered":"<p>Puerta interior en MDF y PVC. \u2022 Bastidor en MDF de 4 mm. \u2022 Terminaci\u00f3n: PVC blanco o imitaci\u00f3n madera. \u2022 Medidas: 0,75 x 2,05 m. \u2022 Cerradura con llave. Escr\u00edbenos por cualquier consulta! ENV\u00cdOS A TODO EL PA\u00cdS Avda. San Mart\u00edn 2361 esq. Mill\u00e1n. Tel: 2204 4978<\/p>\n","protected":false},"featured_media":98,"comment_status":"open","ping_status":"closed","template":"","meta":[],"product_brand":[],"product_cat":[26,38,37],"product_tag":[27,39,17,28],"class_list":{"0":"post-97","1":"product","2":"type-product","3":"status-publish","4":"has-post-thumbnail","6":"product_cat-interior","7":"product_cat-mdf","8":"product_cat-pvc","9":"product_tag-interior","10":"product_tag-mdf","11":"product_tag-puerta","12":"product_tag-pvc","14":"first","15":"instock","16":"shipping-taxable","17":"purchasable","18":"product-type-simple"},"jetpack_sharing_enabled":true,"_links":{"self":[{"href":"https:\/\/www.bulevaraberturas.com.uy\/index.php\/wp-json\/wp\/v2\/product\/97","targetHints":{"allow":["GET"]}}],"collection":[{"href":"https:\/\/www.bulevaraberturas.com.uy\/index.php\/wp-json\/wp\/v2\/product"}],"about":[{"href":"https:\/\/www.bulevaraberturas.com.uy\/index.php\/wp-json\/wp\/v2\/types\/product"}],"replies":[{"embeddable":true,"href":"https:\/\/www.bulevaraberturas.com.uy\/index.php\/wp-json\/wp\/v2\/comments?post=97"}],"wp:featuredmedia":[{"embeddable":true,"href":"https:\/\/www.bulevaraberturas.com.uy\/index.php\/wp-json\/wp\/v2\/media\/98"}],"wp:attachment":[{"href":"https:\/\/www.bulevaraberturas.com.uy\/index.php\/wp-json\/wp\/v2\/media?parent=97"}],"wp:term":[{"taxonomy":"product_brand","embeddable":true,"href":"https:\/\/www.bulevaraberturas.com.uy\/index.php\/wp-json\/wp\/v2\/product_brand?post=97"},{"taxonomy":"product_cat","embeddable":true,"href":"https:\/\/www.bulevaraberturas.com.uy\/index.php\/wp-json\/wp\/v2\/product_cat?post=97"},{"taxonomy":"product_tag","embeddable":true,"href":"https:\/\/www.bulevaraberturas.com.uy\/index.php\/wp-json\/wp\/v2\/product_tag?post=97"}],"curies":[{"name":"wp","href":"https:\/\/api.w.org\/{rel}","templated":true}]}}